{"id":235,"date":"2018-04-08T14:10:46","date_gmt":"2018-04-08T12:10:46","guid":{"rendered":"http:\/\/www.deubos.com\/shop\/?page_id=235"},"modified":"2021-07-13T08:54:50","modified_gmt":"2021-07-13T06:54:50","slug":"impressum","status":"publish","type":"page","link":"http:\/\/deubos.com\/de\/impressum\/","title":{"rendered":"Impressum"},"content":{"rendered":"<p>[vc_row][vc_column][vc_column_text]<\/p>\n<p style=\"text-align: center;\"><strong>DEUBOS technologies UG<\/strong><\/p>\n<p style=\"text-align: center;\">Mitterbuch 7<\/p>\n<p style=\"text-align: center;\">85656 Buch am Buchrain<\/p>\n<p style=\"text-align: center;\">Deutschland<\/p>\n<p style=\"text-align: center;\"><a href=\"mailto:info@deubos.com\">info@deubos.com<\/a><\/p>\n<p style=\"text-align: center;\"><a href=\"http:\/\/www.deubos.com\">www.deubos.com<\/a><\/p>\n<p style=\"text-align: center;\">Sitz der Gesellschaft: <span style=\"text-align: left; color: #191e23; text-transform: none; text-indent: 0px; letter-spacing: normal; font-family: 'Noto Serif'; font-size: 16px; font-variant: normal; text-decoration: none; word-spacing: 0px; display: inline !important; white-space: normal; cursor: text; orphans: 2; float: none; -webkit-text-stroke-width: 0px; background-color: #ffffff;\">Mitterbuch 7, 85656 Buch am Buchrain ,<\/span> Deutschland<\/p>\n<p style=\"text-align: center;\">Amtsgericht: M\u00fcnchen HRB 240693<\/p>\n<p style=\"text-align: center;\">Gesch\u00e4ftsf\u00fchrer: Quirin Haider<\/p>\n<p style=\"text-align: center;\">Inhaltlich verantwortlich: Quirin Haider<\/p>\n<p style=\"text-align: center;\">UstIDNr: DE318578761<\/p>\n<p><strong>Haftungshinweis:<\/strong><\/p>\n<p>Das Landgericht Hamburg hat mit Urteil vom 12.05.1998 entschieden,<\/p>\n<p>dass man durch die Ausbringung eines Links die Inhalte der gelinkten Seite gegebenenfalls mit zu verantworten hat.<\/p>\n<p>Dies kann nur dadurch verhindert werden, dass man sich ausdr\u00fccklich von diesen Inhalten distanziert.<\/p>\n<p>Auf dieser und den verlinkten Seiten finden Sie Links zu anderen Seiten im Internet.<\/p>\n<p><strong>F\u00fcr all diese Links gilt:<\/strong><\/p>\n<p>Falls unsere Homepage Links zu externen Webseiten Dritter enth\u00e4lt, weisen wir darauf hin dass wir auf deren Inhalte keinen Einfluss haben.<\/p>\n<p>Deshalb k\u00f6nnen wir f\u00fcr diese fremden Inhalte auch keine Gew\u00e4hr \u00fcbernehmen.<\/p>\n<p>F\u00fcr die Inhalte der verlinkten Seiten ist stets der jeweilige Anbieter oder Betreiber der Seiten verantwortlich.<\/p>\n<p>Die verlinkten Seiten wurden zum Zeitpunkt der Verlinkung auf m\u00f6gliche Rechtsverst\u00f6\u00dfe \u00fcberpr\u00fcft.<\/p>\n<p>Rechtswidrige Inhalte waren zum Zeitpunkt der Verlinkung nicht erkennbar.<\/p>\n<p>Eine permanente inhaltliche Kontrolle der verlinkten Seiten ist jedoch ohne konkrete Anhaltspunkte einer Rechtsverletzung nicht zumutbar.<\/p>\n<p>Bei Bekanntwerden von Rechtsverletzungen werden wir derartige Links umgehend entfernen.<\/p>\n<p><strong>Haftung:<\/strong><\/p>\n<p>Diese Website wurde mit gr\u00f6\u00dftm\u00f6glicher Sorgfalt zusammengestellt.<\/p>\n<p>Trotzdem kann keine Gew\u00e4hr f\u00fcr die Fehlerfreiheit und Genauigkeit der enthaltenen Informationen \u00fcbernommen werden.<\/p>\n<p>Jegliche Haftung f\u00fcr Sch\u00e4den, die direkt oder indirekt aus der Benutzung dieser Website entstehen, wird ausgeschlossen,<\/p>\n<p>soweit diese nicht auf Vorsatz oder grober Fahrl\u00e4ssigkeit beruhen.[\/vc_column_text][\/vc_column][\/vc_row]<\/p>\n","protected":false},"excerpt":{"rendered":"<p>[vc_row][vc_column][vc_column_text] DEUBOS technologies UG Mitterbuch 7 85656 Buch am Buchrain Deutschland info@deubos.com www.deubos.com Sitz der Gesellschaft: Mitterbuch 7, 85656 Buch am Buchrain , Deutschland Amtsgericht: M\u00fcnchen HRB 240693 Gesch\u00e4ftsf\u00fchrer: Quirin Haider Inhaltlich verantwortlich: Quirin Haider UstIDNr: DE318578761 Haftungshinweis: Das Landgericht Hamburg hat mit Urteil vom 12.05.1998 entschieden, dass man durch die Ausbringung eines Links die<a href=\"http:\/\/deubos.com\/de\/impressum\/\" class=\"more-link\">Read More<\/a><\/p>\n","protected":false},"author":1,"featured_media":0,"parent":0,"menu_order":0,"comment_status":"closed","ping_status":"closed","template":"","meta":[],"translation":{"provider":"WPGlobus","version":"2.7.13","language":"de","enabled_languages":["en","de"],"languages":{"en":{"title":true,"content":true,"excerpt":false},"de":{"title":true,"content":true,"excerpt":false}}},"_links":{"self":[{"href":"http:\/\/deubos.com\/de\/wp-json\/wp\/v2\/pages\/235"}],"collection":[{"href":"http:\/\/deubos.com\/de\/wp-json\/wp\/v2\/pages"}],"about":[{"href":"http:\/\/deubos.com\/de\/wp-json\/wp\/v2\/types\/page"}],"author":[{"embeddable":true,"href":"http:\/\/deubos.com\/de\/wp-json\/wp\/v2\/users\/1"}],"replies":[{"embeddable":true,"href":"http:\/\/deubos.com\/de\/wp-json\/wp\/v2\/comments?post=235"}],"version-history":[{"count":21,"href":"http:\/\/deubos.com\/de\/wp-json\/wp\/v2\/pages\/235\/revisions"}],"predecessor-version":[{"id":6435,"href":"http:\/\/deubos.com\/de\/wp-json\/wp\/v2\/pages\/235\/revisions\/6435"}],"wp:attachment":[{"href":"http:\/\/deubos.com\/de\/wp-json\/wp\/v2\/media?parent=235"}],"curies":[{"name":"wp","href":"https:\/\/api.w.org\/{rel}","templated":true}]}}