{"id":6023,"date":"2018-05-10T13:55:35","date_gmt":"2018-05-10T11:55:35","guid":{"rendered":"http:\/\/deubos.com\/?page_id=6023"},"modified":"2019-10-14T21:09:55","modified_gmt":"2019-10-14T19:09:55","slug":"aboutus","status":"publish","type":"page","link":"http:\/\/deubos.com\/de\/aboutus\/","title":{"rendered":"AboutUs"},"content":{"rendered":"<p>[vc_row][vc_column width=&#8220;1\/6&#8243;][\/vc_column][vc_column width=&#8220;2\/3&#8243;][vc_column_text css_animation=&#8220;fadeIn&#8220;]<\/p>\n<h3>Geschichte<\/h3>\n<p>DEUBOS technologies hat den Sitz in Buch am Buchrain bei M\u00fcnchen, und besteht aus einem Team von Fachleuten auf dem Gebiet f\u00fcr fortschrittliche Technologie der Industrie-Maschinen. Seit der Gr\u00fcndung spezialisiert sich DEUBOS darauf benutzerfreundliche Systeme gemeinsam mit dem Kunden zu entwickeln, welche in der Industrie erfolgreich eingesetzt werden.<\/p>\n<p>Deutsche Pr\u00e4zision, verbunden mit Wissen im Bereich der Anwendungstechnik sowie au\u00dferordentliche Servicebereitschaft, sind die Grundlagen der hohen Kundenzufriedenheit<\/p>\n<p>[\/vc_column_text][\/vc_column][vc_column width=&#8220;1\/6&#8243;][\/vc_column][\/vc_row]<\/p>\n","protected":false},"excerpt":{"rendered":"<p>[vc_row][vc_column width=&#8220;1\/6&#8243;][\/vc_column][vc_column width=&#8220;2\/3&#8243;][vc_column_text css_animation=&#8220;fadeIn&#8220;] Geschichte DEUBOS technologies hat den Sitz in Buch am Buchrain bei M\u00fcnchen, und besteht aus einem Team von Fachleuten auf dem Gebiet f\u00fcr fortschrittliche Technologie der Industrie-Maschinen. Seit der Gr\u00fcndung spezialisiert sich DEUBOS darauf benutzerfreundliche Systeme gemeinsam mit dem Kunden zu entwickeln, welche in der Industrie erfolgreich eingesetzt werden. Deutsche Pr\u00e4zision,<a href=\"http:\/\/deubos.com\/de\/aboutus\/\" class=\"more-link\">Read More<\/a><\/p>\n","protected":false},"author":1,"featured_media":0,"parent":0,"menu_order":0,"comment_status":"closed","ping_status":"closed","template":"","meta":[],"translation":{"provider":"WPGlobus","version":"2.7.13","language":"de","enabled_languages":["en","de"],"languages":{"en":{"title":true,"content":true,"excerpt":false},"de":{"title":false,"content":true,"excerpt":false}}},"_links":{"self":[{"href":"http:\/\/deubos.com\/de\/wp-json\/wp\/v2\/pages\/6023"}],"collection":[{"href":"http:\/\/deubos.com\/de\/wp-json\/wp\/v2\/pages"}],"about":[{"href":"http:\/\/deubos.com\/de\/wp-json\/wp\/v2\/types\/page"}],"author":[{"embeddable":true,"href":"http:\/\/deubos.com\/de\/wp-json\/wp\/v2\/users\/1"}],"replies":[{"embeddable":true,"href":"http:\/\/deubos.com\/de\/wp-json\/wp\/v2\/comments?post=6023"}],"version-history":[{"count":14,"href":"http:\/\/deubos.com\/de\/wp-json\/wp\/v2\/pages\/6023\/revisions"}],"predecessor-version":[{"id":6382,"href":"http:\/\/deubos.com\/de\/wp-json\/wp\/v2\/pages\/6023\/revisions\/6382"}],"wp:attachment":[{"href":"http:\/\/deubos.com\/de\/wp-json\/wp\/v2\/media?parent=6023"}],"curies":[{"name":"wp","href":"https:\/\/api.w.org\/{rel}","templated":true}]}}